{"id":16,"date":"2022-05-04T11:38:28","date_gmt":"2022-05-04T11:38:28","guid":{"rendered":"http:\/\/allesclar.de\/?page_id=16"},"modified":"2026-03-26T17:39:38","modified_gmt":"2026-03-26T16:39:38","slug":"impressum","status":"publish","type":"page","link":"https:\/\/allesclar.de\/?page_id=16","title":{"rendered":"Impressum"},"content":{"rendered":"\n<p class=\"has-text-color has-link-color wp-elements-6f7d61aacc46b13bda9eb0747d08d3ed\" id=\"23ec5675-c1c3-460e-a291-db20bca3e2cc\" style=\"color:#000000\"><strong>Anbieter<\/strong><br>AllesClar Energy GbR<br><a class=\"\"><\/a>Danziger Stra\u00dfe 5<br>72348 Rosenfeld<a class=\"\"><\/a><\/p>\n\n\n\n<p class=\"has-text-color has-link-color wp-elements-395a8b794147cbf56ca4b54732143e2d\" id=\"23ec5675-c1c3-460e-a291-db20bca3e2cc\" style=\"color:#010000\"><strong>Vertreten durch:<\/strong><br>Boris Clar<a class=\"\"><\/a><\/p>\n\n\n\n<p class=\"has-text-color has-link-color wp-elements-d88681ad01202a475a6747a6edb01360\" id=\"d96bf5e5-4829-4b91-98b6-2a2922cb4dc5\" style=\"color:#000000\"><strong>Kontakt<\/strong>:<br>E-Mail: <a href=\"mailto:info@allesclar.de\">info@allesclar.de<\/a><br>Telefon: +49 162 9174748<a class=\"\"><\/a><a class=\"\"><\/a><\/p>\n\n\n\n<p class=\"has-text-color has-link-color wp-elements-07ebbfdf2fc79b967bc5f55e3e451ea4\" id=\"23ec5675-c1c3-460e-a291-db20bca3e2cc\" style=\"color:#000000\">Umsatzsteuer-ID: DE145119361<a class=\"\"><\/a><\/p>\n\n\n\n<p class=\"has-text-color has-link-color wp-elements-29556b4a6fb3ed481bd17820c739ffd4\" id=\"7513105b-8d51-48d2-b6bd-51a3d24f3ffa\" style=\"color:#000000\"><a class=\"\"><\/a><strong>Haftungsausschluss<\/strong><br>Wir sind f\u00fcr die Inhalte unserer Internetseiten nach den Ma\u00dfgaben der allgemeinen Gesetzen verantwortlich. Alle Inhalte werden mit der gebotenen Sorgfalt und nach bestem Wissen erstellt. Soweit wir auf unseren Internetseiten mittels Hyperlink auf Internetseiten Dritter verweisen, k\u00f6nnen wir keine Gew\u00e4hr f\u00fcr die fortw\u00e4hrende Aktualit\u00e4t, Richtigkeit und Vollst\u00e4ndigkeit der verlinkten Inhalte \u00fcbernehmen, da diese Inhalte au\u00dferhalb unseres Verantwortungsbereichs liegen und wir auf die zuk\u00fcnftige Gestaltung keinen Einfluss haben. Sollten aus Ihrer Sicht Inhalte gegen geltendes Recht versto\u00dfen oder unangemessen sein, teilen Sie uns dies bitte mit.<\/p>\n\n\n\n<p class=\"has-text-color has-link-color wp-elements-7709c4b0f633487d5668e4f7f4f6996e\" id=\"fd47b61f-36f8-473b-94da-9de85de55930\" style=\"color:#000000\">Die rechtlichen Hinweise auf dieser Seite sowie alle Fragen und Streitigkeiten im Zusammenhang mit der Gestaltung dieser Internetseite unterliegen dem Recht der Bundesrepublik Deutschland.<\/p>\n\n\n\n<p class=\"has-text-color has-link-color wp-elements-897c042db605b29a40ec2f11f52bb81f\" id=\"ae9dd27f-bfa2-43c1-beac-3b9a6ba1b753\" style=\"color:#000000\"><strong>Urheberrechtshinweis<\/strong><br>Die auf unserer Internetseite vorhandenen Texte, Bilder, Fotos, Videos oder Grafiken unterliegen in der Regel dem Schutz des Urheberrechts. Jede unberechtigte Verwendung (insbesondere die Vervielf\u00e4ltigung, Bearbeitung oder Verbreitung) dieser urheberrechtsgesch\u00fctzten Inhalte ist daher untersagt. Wenn Sie beabsichtigen, diese Inhalte oder Teile davon zu verwenden, kontaktieren Sie uns bitte im Voraus unter den oben stehenden Angaben. Soweit wir nicht selbst Inhaber der ben\u00f6tigten urheberrechtlichen Nutzungsrechte sein sollten, bem\u00fchen wir uns, einen Kontakt zum Berechtigten zu vermitteln.<\/p>\n\n\n\n<p><\/p>\n","protected":false},"excerpt":{"rendered":"<p>AnbieterAllesClar Energy GbRDanziger Stra\u00dfe 572348 Rosenfeld Vertreten durch:Boris Clar Kontakt:E-Mail: info@allesclar.deTelefon: +49 162 9174748 Umsatzsteuer-ID: DE145119361 HaftungsausschlussWir sind f\u00fcr die Inhalte unserer Internetseiten nach den Ma\u00dfgaben der allgemeinen Gesetzen verantwortlich. Alle Inhalte werden mit der gebotenen Sorgfalt und nach bestem Wissen erstellt. Soweit wir auf unseren Internetseiten mittels Hyperlink auf Internetseiten Dritter verweisen, k\u00f6nnen wir [&hellip;]<\/p>\n","protected":false},"author":1,"featured_media":0,"parent":0,"menu_order":0,"comment_status":"closed","ping_status":"closed","template":"","meta":{"footnotes":""},"class_list":["post-16","page","type-page","status-publish","hentry"],"_links":{"self":[{"href":"https:\/\/allesclar.de\/index.php?rest_route=\/wp\/v2\/pages\/16","targetHints":{"allow":["GET"]}}],"collection":[{"href":"https:\/\/allesclar.de\/index.php?rest_route=\/wp\/v2\/pages"}],"about":[{"href":"https:\/\/allesclar.de\/index.php?rest_route=\/wp\/v2\/types\/page"}],"author":[{"embeddable":true,"href":"https:\/\/allesclar.de\/index.php?rest_route=\/wp\/v2\/users\/1"}],"replies":[{"embeddable":true,"href":"https:\/\/allesclar.de\/index.php?rest_route=%2Fwp%2Fv2%2Fcomments&post=16"}],"version-history":[{"count":7,"href":"https:\/\/allesclar.de\/index.php?rest_route=\/wp\/v2\/pages\/16\/revisions"}],"predecessor-version":[{"id":477,"href":"https:\/\/allesclar.de\/index.php?rest_route=\/wp\/v2\/pages\/16\/revisions\/477"}],"wp:attachment":[{"href":"https:\/\/allesclar.de\/index.php?rest_route=%2Fwp%2Fv2%2Fmedia&parent=16"}],"curies":[{"name":"wp","href":"https:\/\/api.w.org\/{rel}","templated":true}]}}